{"id":133770,"date":"2024-02-12T07:41:52","date_gmt":"2024-02-12T07:41:52","guid":{"rendered":"https:\/\/lot.voyeglobal.com\/?page_id=133770"},"modified":"2025-05-23T06:15:59","modified_gmt":"2025-05-23T06:15:59","slug":"about-voye","status":"publish","type":"page","link":"https:\/\/esim.lot.com\/de\/about-voye\/","title":{"rendered":"\u00dcber Voye"},"content":{"rendered":"\n<p>Voye ist ein vision\u00e4res Tech-Adventure-Unternehmen, das bahnbrechende globale Roaming-Dienste entwickelt. Ma\u00dfgeschneidert f\u00fcr Weltreisende und Abenteurer sorgen wir f\u00fcr ein individuelles Reiseerlebnis durch nahtlose Konnektivit\u00e4t. Ehrliches Marketing kombiniert mit jahrelanger Erfahrung bedeutet: Unser innovatives, intuitives Design hilft Ihnen dabei, Ihre Bucket List Punkt f\u00fcr Punkt abzuhaken \u2013 ganz ohne versteckte Haken.<\/p>\n\n\n\n<h3 class=\"wp-block-heading\">Unsere Vision<\/h3>\n\n\n\n<p>Konnektivit\u00e4t ist f\u00fcr das Reiseerlebnis unerl\u00e4sslich \u2013 sie erm\u00f6glicht es Reisenden, sich m\u00fchelos in der Welt zurechtzufinden und einzigartige Ziele und verborgene Sch\u00e4tze zu entdecken. Pers\u00f6nliches Reisen hei\u00dft, Abenteuer in Echtzeit mit Freunden und Familie teilen zu k\u00f6nnen. Deshalb lassen wir den Stress und die hohen Kosten der Konnektivit\u00e4t hinter uns. Jetzt reicht ein Klick auf Ihren Voye-Button \u2013 und Sie sind verbunden, entspannt und bereit f\u00fcr das Wesentliche: Ihr n\u00e4chstes Abenteuer! Wir setzen alles daran, Datenroaming f\u00fcr Reisende einfach und erschwinglich zu machen. Schluss mit dem Kleingedruckten und teuren Zwischenh\u00e4ndlern. Wenn es um Netzabdeckung geht, wird aus lokal jetzt global!<\/p>\n","protected":false},"excerpt":{"rendered":"<p>Voye ist ein vision\u00e4res Tech-Adventure-Unternehmen, das bahnbrechende globale Roaming-Dienste entwickelt. Ma\u00dfgeschneidert f\u00fcr Weltreisende und Abenteurer sorgen wir f\u00fcr ein individuelles Reiseerlebnis durch nahtlose Konnektivit\u00e4t. Ehrliches Marketing kombiniert mit jahrelanger Erfahrung bedeutet: Unser innovatives, intuitives Design hilft Ihnen dabei, Ihre Bucket List Punkt f\u00fcr Punkt abzuhaken \u2013 ganz ohne versteckte Haken. Unsere Vision Konnektivit\u00e4t ist f\u00fcr [&hellip;]<\/p>\n","protected":false},"author":11686,"featured_media":0,"parent":0,"menu_order":0,"comment_status":"closed","ping_status":"closed","template":"views\/tpl-about.php","meta":{"_acf_changed":false,"footnotes":""},"class_list":["post-133770","page","type-page","status-publish","hentry"],"acf":[],"yoast_head":"<!-- This site is optimized with the Yoast SEO plugin v27.1.1 - https:\/\/yoast.com\/product\/yoast-seo-wordpress\/ -->\n<title>\u00dcber Voye - Lot<\/title>\n<meta name=\"robots\" content=\"noindex, nofollow\" \/>\n<meta property=\"og:locale\" content=\"de_DE\" \/>\n<meta property=\"og:type\" content=\"article\" \/>\n<meta property=\"og:title\" content=\"\u00dcber Voye - Lot\" \/>\n<meta property=\"og:description\" content=\"Voye ist ein vision\u00e4res Tech-Adventure-Unternehmen, das bahnbrechende globale Roaming-Dienste entwickelt. Ma\u00dfgeschneidert f\u00fcr Weltreisende und Abenteurer sorgen wir f\u00fcr ein individuelles Reiseerlebnis durch nahtlose Konnektivit\u00e4t. Ehrliches Marketing kombiniert mit jahrelanger Erfahrung bedeutet: Unser innovatives, intuitives Design hilft Ihnen dabei, Ihre Bucket List Punkt f\u00fcr Punkt abzuhaken \u2013 ganz ohne versteckte Haken. Unsere Vision Konnektivit\u00e4t ist f\u00fcr [&hellip;]\" \/>\n<meta property=\"og:url\" content=\"https:\/\/esim.lot.com\/de\/about-voye\/\" \/>\n<meta property=\"og:site_name\" content=\"Lot\" \/>\n<meta property=\"article:modified_time\" content=\"2025-05-23T06:15:59+00:00\" \/>\n<meta name=\"twitter:card\" content=\"summary_large_image\" \/>\n<meta name=\"twitter:label1\" content=\"Gesch\u00e4tzte Lesezeit\" \/>\n\t<meta name=\"twitter:data1\" content=\"1\u00a0Minute\" \/>\n<script type=\"application\/ld+json\" class=\"yoast-schema-graph\">{\"@context\":\"https:\/\/schema.org\",\"@graph\":[{\"@type\":\"WebPage\",\"@id\":\"https:\/\/esim.lot.com\/de\/about-voye\/\",\"url\":\"https:\/\/esim.lot.com\/de\/about-voye\/\",\"name\":\"\u00dcber Voye - Lot\",\"isPartOf\":{\"@id\":\"https:\/\/esim.lot.com\/de\/#website\"},\"datePublished\":\"2024-02-12T07:41:52+00:00\",\"dateModified\":\"2025-05-23T06:15:59+00:00\",\"breadcrumb\":{\"@id\":\"https:\/\/esim.lot.com\/de\/about-voye\/#breadcrumb\"},\"inLanguage\":\"de\",\"potentialAction\":[{\"@type\":\"ReadAction\",\"target\":[\"https:\/\/esim.lot.com\/de\/about-voye\/\"]}]},{\"@type\":\"BreadcrumbList\",\"@id\":\"https:\/\/esim.lot.com\/de\/about-voye\/#breadcrumb\",\"itemListElement\":[{\"@type\":\"ListItem\",\"position\":1,\"name\":\"Home\",\"item\":\"https:\/\/esim.lot.com\/de\/\"},{\"@type\":\"ListItem\",\"position\":2,\"name\":\"\u00dcber Voye\"}]},{\"@type\":\"WebSite\",\"@id\":\"https:\/\/esim.lot.com\/de\/#website\",\"url\":\"https:\/\/esim.lot.com\/de\/\",\"name\":\"Lot\",\"description\":\"\",\"potentialAction\":[{\"@type\":\"SearchAction\",\"target\":{\"@type\":\"EntryPoint\",\"urlTemplate\":\"https:\/\/esim.lot.com\/de\/?s={search_term_string}\"},\"query-input\":{\"@type\":\"PropertyValueSpecification\",\"valueRequired\":true,\"valueName\":\"search_term_string\"}}],\"inLanguage\":\"de\"}]}<\/script>\n<!-- \/ Yoast SEO plugin. -->","yoast_head_json":{"title":"\u00dcber Voye - Lot","robots":{"index":"noindex","follow":"nofollow"},"og_locale":"de_DE","og_type":"article","og_title":"\u00dcber Voye - Lot","og_description":"Voye ist ein vision\u00e4res Tech-Adventure-Unternehmen, das bahnbrechende globale Roaming-Dienste entwickelt. Ma\u00dfgeschneidert f\u00fcr Weltreisende und Abenteurer sorgen wir f\u00fcr ein individuelles Reiseerlebnis durch nahtlose Konnektivit\u00e4t. Ehrliches Marketing kombiniert mit jahrelanger Erfahrung bedeutet: Unser innovatives, intuitives Design hilft Ihnen dabei, Ihre Bucket List Punkt f\u00fcr Punkt abzuhaken \u2013 ganz ohne versteckte Haken. Unsere Vision Konnektivit\u00e4t ist f\u00fcr [&hellip;]","og_url":"https:\/\/esim.lot.com\/de\/about-voye\/","og_site_name":"Lot","article_modified_time":"2025-05-23T06:15:59+00:00","twitter_card":"summary_large_image","twitter_misc":{"Gesch\u00e4tzte Lesezeit":"1\u00a0Minute"},"schema":{"@context":"https:\/\/schema.org","@graph":[{"@type":"WebPage","@id":"https:\/\/esim.lot.com\/de\/about-voye\/","url":"https:\/\/esim.lot.com\/de\/about-voye\/","name":"\u00dcber Voye - Lot","isPartOf":{"@id":"https:\/\/esim.lot.com\/de\/#website"},"datePublished":"2024-02-12T07:41:52+00:00","dateModified":"2025-05-23T06:15:59+00:00","breadcrumb":{"@id":"https:\/\/esim.lot.com\/de\/about-voye\/#breadcrumb"},"inLanguage":"de","potentialAction":[{"@type":"ReadAction","target":["https:\/\/esim.lot.com\/de\/about-voye\/"]}]},{"@type":"BreadcrumbList","@id":"https:\/\/esim.lot.com\/de\/about-voye\/#breadcrumb","itemListElement":[{"@type":"ListItem","position":1,"name":"Home","item":"https:\/\/esim.lot.com\/de\/"},{"@type":"ListItem","position":2,"name":"\u00dcber Voye"}]},{"@type":"WebSite","@id":"https:\/\/esim.lot.com\/de\/#website","url":"https:\/\/esim.lot.com\/de\/","name":"Lot","description":"","potentialAction":[{"@type":"SearchAction","target":{"@type":"EntryPoint","urlTemplate":"https:\/\/esim.lot.com\/de\/?s={search_term_string}"},"query-input":{"@type":"PropertyValueSpecification","valueRequired":true,"valueName":"search_term_string"}}],"inLanguage":"de"}]}},"_links":{"self":[{"href":"https:\/\/esim.lot.com\/de\/wp-json\/wp\/v2\/pages\/133770","targetHints":{"allow":["GET"]}}],"collection":[{"href":"https:\/\/esim.lot.com\/de\/wp-json\/wp\/v2\/pages"}],"about":[{"href":"https:\/\/esim.lot.com\/de\/wp-json\/wp\/v2\/types\/page"}],"author":[{"embeddable":true,"href":"https:\/\/esim.lot.com\/de\/wp-json\/wp\/v2\/users\/11686"}],"replies":[{"embeddable":true,"href":"https:\/\/esim.lot.com\/de\/wp-json\/wp\/v2\/comments?post=133770"}],"version-history":[{"count":3,"href":"https:\/\/esim.lot.com\/de\/wp-json\/wp\/v2\/pages\/133770\/revisions"}],"predecessor-version":[{"id":133829,"href":"https:\/\/esim.lot.com\/de\/wp-json\/wp\/v2\/pages\/133770\/revisions\/133829"}],"wp:attachment":[{"href":"https:\/\/esim.lot.com\/de\/wp-json\/wp\/v2\/media?parent=133770"}],"curies":[{"name":"wp","href":"https:\/\/api.w.org\/{rel}","templated":true}]}}