{"id":3071,"date":"2024-02-12T07:41:52","date_gmt":"2024-02-12T07:41:52","guid":{"rendered":"https:\/\/agoda.voyeglobal.com\/about-voye\/"},"modified":"2024-10-22T08:43:20","modified_gmt":"2024-10-22T08:43:20","slug":"about-voye","status":"publish","type":"page","link":"https:\/\/esim.lot.com\/es\/about-voye\/","title":{"rendered":"Acerca de Voye"},"content":{"rendered":"\n<p>Voye es una empresa visionaria empresa que se dedica a crear servicios innovadores de itinerancia global dise\u00f1ados a medida para viajeros y aventureros de todo el mundo. Nos aseguramos de que cada cliente tenga una experiencia de viaje personalizada, adaptada a sus preferencias individuales, a trav\u00e9s de una conectividad fluida y sin interrupciones. Nuestras estrategias de marketing son honestas y transparentes, respaldadas por muchos a\u00f1os de experiencia en el campo. Adem\u00e1s, nuestro dise\u00f1o innovador e intuitivo te ayudar\u00e1 a tachar los elementos de tu lista de cosas pendientes uno por uno, sin trucos.<\/p>\n\n\n\n<h3 class=\"wp-block-heading\">Nuestra perspectiva<\/h3>\n\n\n\n<p>La conectividad es esencial para la experiencia de un viajero, ya que les permite explorar el mundo y descubrir una infinidad de destinos y tesoros ocultos sin esfuerzo. La soledad en los viajes es cosa del pasado, ahora puedes compartir tus aventuras en tiempo real con amigos y familiares, est\u00e9n donde est\u00e9n. Por lo tanto, olv\u00eddate de los nervios y los altos costes asociados con la conectividad durante los viajes. Gracias a Voye, ahora con tan solo un clic puedes conectarte, relajarte y centrarte en lo importante, \u00a1tu pr\u00f3xima aventura! Estamos trabajando duro para que la itinerancia de datos para viajeros sea cada vez m\u00e1s simple y asequible. Adi\u00f3s a la letra peque\u00f1a y a los gastos elevados. Cuando hablamos de cobertura, \u00a1lo local se ha vuelto global!<\/p>\n","protected":false},"excerpt":{"rendered":"<p>Voye es una empresa visionaria empresa que se dedica a crear servicios innovadores de itinerancia global dise\u00f1ados a medida para viajeros y aventureros de todo el mundo. Nos aseguramos de que cada cliente tenga una experiencia de viaje personalizada, adaptada a sus preferencias individuales, a trav\u00e9s de una conectividad fluida y sin interrupciones. Nuestras estrategias [&hellip;]<\/p>\n","protected":false},"author":44,"featured_media":0,"parent":0,"menu_order":0,"comment_status":"closed","ping_status":"closed","template":"views\/tpl-about.php","meta":{"_acf_changed":true,"footnotes":""},"class_list":["post-3071","page","type-page","status-publish","hentry"],"acf":[],"yoast_head":"<!-- This site is optimized with the Yoast SEO plugin v27.1.1 - https:\/\/yoast.com\/product\/yoast-seo-wordpress\/ -->\n<title>Acerca de Voye - Lot<\/title>\n<meta name=\"robots\" content=\"noindex, nofollow\" \/>\n<meta property=\"og:locale\" content=\"es_ES\" \/>\n<meta property=\"og:type\" content=\"article\" \/>\n<meta property=\"og:title\" content=\"Acerca de Voye - Lot\" \/>\n<meta property=\"og:description\" content=\"Voye es una empresa visionaria empresa que se dedica a crear servicios innovadores de itinerancia global dise\u00f1ados a medida para viajeros y aventureros de todo el mundo. Nos aseguramos de que cada cliente tenga una experiencia de viaje personalizada, adaptada a sus preferencias individuales, a trav\u00e9s de una conectividad fluida y sin interrupciones. Nuestras estrategias [&hellip;]\" \/>\n<meta property=\"og:url\" content=\"https:\/\/esim.lot.com\/es\/about-voye\/\" \/>\n<meta property=\"og:site_name\" content=\"Lot\" \/>\n<meta property=\"article:modified_time\" content=\"2024-10-22T08:43:20+00:00\" \/>\n<meta name=\"twitter:card\" content=\"summary_large_image\" \/>\n<meta name=\"twitter:label1\" content=\"Tiempo de lectura\" \/>\n\t<meta name=\"twitter:data1\" content=\"1 minuto\" \/>\n<script type=\"application\/ld+json\" class=\"yoast-schema-graph\">{\"@context\":\"https:\/\/schema.org\",\"@graph\":[{\"@type\":\"WebPage\",\"@id\":\"https:\/\/esim.lot.com\/es\/about-voye\/\",\"url\":\"https:\/\/esim.lot.com\/es\/about-voye\/\",\"name\":\"Acerca de Voye - Lot\",\"isPartOf\":{\"@id\":\"https:\/\/esim.lot.com\/es\/#website\"},\"datePublished\":\"2024-02-12T07:41:52+00:00\",\"dateModified\":\"2024-10-22T08:43:20+00:00\",\"breadcrumb\":{\"@id\":\"https:\/\/esim.lot.com\/es\/about-voye\/#breadcrumb\"},\"inLanguage\":\"es\",\"potentialAction\":[{\"@type\":\"ReadAction\",\"target\":[\"https:\/\/esim.lot.com\/es\/about-voye\/\"]}]},{\"@type\":\"BreadcrumbList\",\"@id\":\"https:\/\/esim.lot.com\/es\/about-voye\/#breadcrumb\",\"itemListElement\":[{\"@type\":\"ListItem\",\"position\":1,\"name\":\"Home\",\"item\":\"https:\/\/esim.lot.com\/es\/\"},{\"@type\":\"ListItem\",\"position\":2,\"name\":\"Acerca de Voye\"}]},{\"@type\":\"WebSite\",\"@id\":\"https:\/\/esim.lot.com\/es\/#website\",\"url\":\"https:\/\/esim.lot.com\/es\/\",\"name\":\"Lot\",\"description\":\"\",\"potentialAction\":[{\"@type\":\"SearchAction\",\"target\":{\"@type\":\"EntryPoint\",\"urlTemplate\":\"https:\/\/esim.lot.com\/es\/?s={search_term_string}\"},\"query-input\":{\"@type\":\"PropertyValueSpecification\",\"valueRequired\":true,\"valueName\":\"search_term_string\"}}],\"inLanguage\":\"es\"}]}<\/script>\n<!-- \/ Yoast SEO plugin. -->","yoast_head_json":{"title":"Acerca de Voye - Lot","robots":{"index":"noindex","follow":"nofollow"},"og_locale":"es_ES","og_type":"article","og_title":"Acerca de Voye - Lot","og_description":"Voye es una empresa visionaria empresa que se dedica a crear servicios innovadores de itinerancia global dise\u00f1ados a medida para viajeros y aventureros de todo el mundo. Nos aseguramos de que cada cliente tenga una experiencia de viaje personalizada, adaptada a sus preferencias individuales, a trav\u00e9s de una conectividad fluida y sin interrupciones. Nuestras estrategias [&hellip;]","og_url":"https:\/\/esim.lot.com\/es\/about-voye\/","og_site_name":"Lot","article_modified_time":"2024-10-22T08:43:20+00:00","twitter_card":"summary_large_image","twitter_misc":{"Tiempo de lectura":"1 minuto"},"schema":{"@context":"https:\/\/schema.org","@graph":[{"@type":"WebPage","@id":"https:\/\/esim.lot.com\/es\/about-voye\/","url":"https:\/\/esim.lot.com\/es\/about-voye\/","name":"Acerca de Voye - Lot","isPartOf":{"@id":"https:\/\/esim.lot.com\/es\/#website"},"datePublished":"2024-02-12T07:41:52+00:00","dateModified":"2024-10-22T08:43:20+00:00","breadcrumb":{"@id":"https:\/\/esim.lot.com\/es\/about-voye\/#breadcrumb"},"inLanguage":"es","potentialAction":[{"@type":"ReadAction","target":["https:\/\/esim.lot.com\/es\/about-voye\/"]}]},{"@type":"BreadcrumbList","@id":"https:\/\/esim.lot.com\/es\/about-voye\/#breadcrumb","itemListElement":[{"@type":"ListItem","position":1,"name":"Home","item":"https:\/\/esim.lot.com\/es\/"},{"@type":"ListItem","position":2,"name":"Acerca de Voye"}]},{"@type":"WebSite","@id":"https:\/\/esim.lot.com\/es\/#website","url":"https:\/\/esim.lot.com\/es\/","name":"Lot","description":"","potentialAction":[{"@type":"SearchAction","target":{"@type":"EntryPoint","urlTemplate":"https:\/\/esim.lot.com\/es\/?s={search_term_string}"},"query-input":{"@type":"PropertyValueSpecification","valueRequired":true,"valueName":"search_term_string"}}],"inLanguage":"es"}]}},"_links":{"self":[{"href":"https:\/\/esim.lot.com\/es\/wp-json\/wp\/v2\/pages\/3071","targetHints":{"allow":["GET"]}}],"collection":[{"href":"https:\/\/esim.lot.com\/es\/wp-json\/wp\/v2\/pages"}],"about":[{"href":"https:\/\/esim.lot.com\/es\/wp-json\/wp\/v2\/types\/page"}],"author":[{"embeddable":true,"href":"https:\/\/esim.lot.com\/es\/wp-json\/wp\/v2\/users\/44"}],"replies":[{"embeddable":true,"href":"https:\/\/esim.lot.com\/es\/wp-json\/wp\/v2\/comments?post=3071"}],"version-history":[{"count":0,"href":"https:\/\/esim.lot.com\/es\/wp-json\/wp\/v2\/pages\/3071\/revisions"}],"wp:attachment":[{"href":"https:\/\/esim.lot.com\/es\/wp-json\/wp\/v2\/media?parent=3071"}],"curies":[{"name":"wp","href":"https:\/\/api.w.org\/{rel}","templated":true}]}}