{"id":3089,"date":"2024-05-02T08:21:33","date_gmt":"2024-05-02T08:21:33","guid":{"rendered":"https:\/\/agoda.voyeglobal.com\/installation-guide\/"},"modified":"2025-10-08T09:08:49","modified_gmt":"2025-10-08T09:08:49","slug":"installation-guide","status":"publish","type":"page","link":"https:\/\/esim.lot.com\/fr\/installation-guide\/","title":{"rendered":"Guide d\u2019installation"},"content":{"rendered":"\n<p>Trouvez des instructions d\u00e9taill\u00e9es, notamment une vid\u00e9o et des conseils importants sur la fa\u00e7on d\u2019installer votre eSIM sur votre appareil Android ou IOS<\/p>\n","protected":false},"excerpt":{"rendered":"<p>Trouvez des instructions d\u00e9taill\u00e9es, notamment une vid\u00e9o et des conseils importants sur la fa\u00e7on d\u2019installer votre eSIM sur votre appareil Android ou IOS<\/p>\n","protected":false},"author":44,"featured_media":0,"parent":0,"menu_order":0,"comment_status":"closed","ping_status":"closed","template":"views\/tpl-how-to-install.php","meta":{"_acf_changed":false,"footnotes":""},"class_list":["post-3089","page","type-page","status-publish","hentry"],"acf":[],"yoast_head":"<!-- This site is optimized with the Yoast SEO plugin v27.1.1 - https:\/\/yoast.com\/product\/yoast-seo-wordpress\/ -->\n<title>Guide d\u2019installation - Lot<\/title>\n<meta name=\"robots\" content=\"noindex, nofollow\" \/>\n<meta property=\"og:locale\" content=\"fr_FR\" \/>\n<meta property=\"og:type\" content=\"article\" \/>\n<meta property=\"og:title\" content=\"Guide d\u2019installation - Lot\" \/>\n<meta property=\"og:description\" content=\"Trouvez des instructions d\u00e9taill\u00e9es, notamment une vid\u00e9o et des conseils importants sur la fa\u00e7on d\u2019installer votre eSIM sur votre appareil Android ou IOS\" \/>\n<meta property=\"og:url\" content=\"https:\/\/esim.lot.com\/fr\/installation-guide\/\" \/>\n<meta property=\"og:site_name\" content=\"Lot\" \/>\n<meta property=\"article:modified_time\" content=\"2025-10-08T09:08:49+00:00\" \/>\n<meta name=\"twitter:card\" content=\"summary_large_image\" \/>\n<meta name=\"twitter:label1\" content=\"Dur\u00e9e de lecture estim\u00e9e\" \/>\n\t<meta name=\"twitter:data1\" content=\"1 minute\" \/>\n<script type=\"application\/ld+json\" class=\"yoast-schema-graph\">{\"@context\":\"https:\/\/schema.org\",\"@graph\":[{\"@type\":\"WebPage\",\"@id\":\"https:\/\/esim.lot.com\/fr\/installation-guide\/\",\"url\":\"https:\/\/esim.lot.com\/fr\/installation-guide\/\",\"name\":\"Guide d\u2019installation - Lot\",\"isPartOf\":{\"@id\":\"https:\/\/esim.lot.com\/fr\/#website\"},\"datePublished\":\"2024-05-02T08:21:33+00:00\",\"dateModified\":\"2025-10-08T09:08:49+00:00\",\"breadcrumb\":{\"@id\":\"https:\/\/esim.lot.com\/fr\/installation-guide\/#breadcrumb\"},\"inLanguage\":\"fr-FR\",\"potentialAction\":[{\"@type\":\"ReadAction\",\"target\":[\"https:\/\/esim.lot.com\/fr\/installation-guide\/\"]}]},{\"@type\":\"BreadcrumbList\",\"@id\":\"https:\/\/esim.lot.com\/fr\/installation-guide\/#breadcrumb\",\"itemListElement\":[{\"@type\":\"ListItem\",\"position\":1,\"name\":\"Home\",\"item\":\"https:\/\/esim.lot.com\/fr\/\"},{\"@type\":\"ListItem\",\"position\":2,\"name\":\"Guide d\u2019installation\"}]},{\"@type\":\"WebSite\",\"@id\":\"https:\/\/esim.lot.com\/fr\/#website\",\"url\":\"https:\/\/esim.lot.com\/fr\/\",\"name\":\"Lot\",\"description\":\"\",\"potentialAction\":[{\"@type\":\"SearchAction\",\"target\":{\"@type\":\"EntryPoint\",\"urlTemplate\":\"https:\/\/esim.lot.com\/fr\/?s={search_term_string}\"},\"query-input\":{\"@type\":\"PropertyValueSpecification\",\"valueRequired\":true,\"valueName\":\"search_term_string\"}}],\"inLanguage\":\"fr-FR\"}]}<\/script>\n<!-- \/ Yoast SEO plugin. -->","yoast_head_json":{"title":"Guide d\u2019installation - Lot","robots":{"index":"noindex","follow":"nofollow"},"og_locale":"fr_FR","og_type":"article","og_title":"Guide d\u2019installation - Lot","og_description":"Trouvez des instructions d\u00e9taill\u00e9es, notamment une vid\u00e9o et des conseils importants sur la fa\u00e7on d\u2019installer votre eSIM sur votre appareil Android ou IOS","og_url":"https:\/\/esim.lot.com\/fr\/installation-guide\/","og_site_name":"Lot","article_modified_time":"2025-10-08T09:08:49+00:00","twitter_card":"summary_large_image","twitter_misc":{"Dur\u00e9e de lecture estim\u00e9e":"1 minute"},"schema":{"@context":"https:\/\/schema.org","@graph":[{"@type":"WebPage","@id":"https:\/\/esim.lot.com\/fr\/installation-guide\/","url":"https:\/\/esim.lot.com\/fr\/installation-guide\/","name":"Guide d\u2019installation - Lot","isPartOf":{"@id":"https:\/\/esim.lot.com\/fr\/#website"},"datePublished":"2024-05-02T08:21:33+00:00","dateModified":"2025-10-08T09:08:49+00:00","breadcrumb":{"@id":"https:\/\/esim.lot.com\/fr\/installation-guide\/#breadcrumb"},"inLanguage":"fr-FR","potentialAction":[{"@type":"ReadAction","target":["https:\/\/esim.lot.com\/fr\/installation-guide\/"]}]},{"@type":"BreadcrumbList","@id":"https:\/\/esim.lot.com\/fr\/installation-guide\/#breadcrumb","itemListElement":[{"@type":"ListItem","position":1,"name":"Home","item":"https:\/\/esim.lot.com\/fr\/"},{"@type":"ListItem","position":2,"name":"Guide d\u2019installation"}]},{"@type":"WebSite","@id":"https:\/\/esim.lot.com\/fr\/#website","url":"https:\/\/esim.lot.com\/fr\/","name":"Lot","description":"","potentialAction":[{"@type":"SearchAction","target":{"@type":"EntryPoint","urlTemplate":"https:\/\/esim.lot.com\/fr\/?s={search_term_string}"},"query-input":{"@type":"PropertyValueSpecification","valueRequired":true,"valueName":"search_term_string"}}],"inLanguage":"fr-FR"}]}},"_links":{"self":[{"href":"https:\/\/esim.lot.com\/fr\/wp-json\/wp\/v2\/pages\/3089","targetHints":{"allow":["GET"]}}],"collection":[{"href":"https:\/\/esim.lot.com\/fr\/wp-json\/wp\/v2\/pages"}],"about":[{"href":"https:\/\/esim.lot.com\/fr\/wp-json\/wp\/v2\/types\/page"}],"author":[{"embeddable":true,"href":"https:\/\/esim.lot.com\/fr\/wp-json\/wp\/v2\/users\/44"}],"replies":[{"embeddable":true,"href":"https:\/\/esim.lot.com\/fr\/wp-json\/wp\/v2\/comments?post=3089"}],"version-history":[{"count":4,"href":"https:\/\/esim.lot.com\/fr\/wp-json\/wp\/v2\/pages\/3089\/revisions"}],"predecessor-version":[{"id":145983,"href":"https:\/\/esim.lot.com\/fr\/wp-json\/wp\/v2\/pages\/3089\/revisions\/145983"}],"wp:attachment":[{"href":"https:\/\/esim.lot.com\/fr\/wp-json\/wp\/v2\/media?parent=3089"}],"curies":[{"name":"wp","href":"https:\/\/api.w.org\/{rel}","templated":true}]}}