{"id":130318,"date":"2024-02-12T07:41:52","date_gmt":"2024-02-12T07:41:52","guid":{"rendered":"https:\/\/lot.voyeglobal.com\/?page_id=130318"},"modified":"2025-04-12T12:39:30","modified_gmt":"2025-04-12T12:39:30","slug":"about-voye","status":"publish","type":"page","link":"https:\/\/esim.lot.com\/pl\/about-voye\/","title":{"rendered":"O Voye"},"content":{"rendered":"\n<p>Voye to wizjonerska firma technologiczno-przygodowa, kt\u00f3ra tworzy prze\u0142omowe globalne us\u0142ugi roamingowe. Dostosowane specjalnie dla podr\u00f3\u017cnik\u00f3w i odkrywc\u00f3w, zapewniamy Ci spersonalizowane do\u015bwiadczenie podr\u00f3\u017cy dzi\u0119ki p\u0142ynnej \u0142\u0105czno\u015bci. Uczciwy marketing, w po\u0142\u0105czeniu z wieloletnim do\u015bwiadczeniem, sprawia, \u017ce nasz innowacyjny i intuicyjny design pomaga Ci realizowa\u0107 swoje podr\u00f3\u017cnicze marzenia bez zb\u0119dnych komplikacji.<\/p>\n\n\n\n<h3 class=\"wp-block-heading\">Nasza Wizja<\/h3>\n\n\n\n<p>\u0141\u0105czno\u015b\u0107 jest kluczowa dla do\u015bwiadczenia podr\u00f3\u017cnika, umo\u017cliwiaj\u0105c mu bezproblemowe poruszanie si\u0119 po \u015bwiecie i odkrywanie niezliczonych, unikalnych miejsc i ukrytych pere\u0142ek. Podr\u00f3\u017cowanie to r\u00f3wnie\u017c mo\u017cliwo\u015b\u0107 dzielenia si\u0119 przygodami w czasie rzeczywistym z rodzin\u0105 i przyjaci\u00f3\u0142mi. Dlatego rezygnujemy z wysokich koszt\u00f3w i problem\u00f3w zwi\u0105zanych z \u0142\u0105czno\u015bci\u0105. Teraz, dzi\u0119ki jednemu klikni\u0119ciu w Voye, mo\u017cesz si\u0119 po\u0142\u0105czy\u0107, zrelaksowa\u0107 i skupi\u0107 na tym, co najwa\u017cniejsze \u2013 Twojej kolejnej przygodzie! Ci\u0119\u017cko pracujemy, aby roaming danych dla podr\u00f3\u017cnik\u00f3w by\u0142 prosty i przyst\u0119pny cenowo. Koniec z ukrytymi op\u0142atami i kosztownymi po\u015brednikami. Je\u015bli chodzi o zasi\u0119g, lokalno\u015b\u0107 w\u0142a\u015bnie sta\u0142a si\u0119 globalna!<\/p>\n","protected":false},"excerpt":{"rendered":"<p>Voye to wizjonerska firma technologiczno-przygodowa, kt\u00f3ra tworzy prze\u0142omowe globalne us\u0142ugi roamingowe. Dostosowane specjalnie dla podr\u00f3\u017cnik\u00f3w i odkrywc\u00f3w, zapewniamy Ci spersonalizowane do\u015bwiadczenie podr\u00f3\u017cy dzi\u0119ki p\u0142ynnej \u0142\u0105czno\u015bci. Uczciwy marketing, w po\u0142\u0105czeniu z wieloletnim do\u015bwiadczeniem, sprawia, \u017ce nasz innowacyjny i intuicyjny design pomaga Ci realizowa\u0107 swoje podr\u00f3\u017cnicze marzenia bez zb\u0119dnych komplikacji. Nasza Wizja \u0141\u0105czno\u015b\u0107 jest kluczowa dla do\u015bwiadczenia [&hellip;]<\/p>\n","protected":false},"author":42753,"featured_media":0,"parent":0,"menu_order":0,"comment_status":"closed","ping_status":"closed","template":"views\/tpl-about.php","meta":{"_acf_changed":false,"footnotes":""},"class_list":["post-130318","page","type-page","status-publish","hentry"],"acf":[],"yoast_head":"<!-- This site is optimized with the Yoast SEO plugin v27.1.1 - https:\/\/yoast.com\/product\/yoast-seo-wordpress\/ -->\n<title>O Voye - Lot<\/title>\n<meta name=\"robots\" content=\"noindex, nofollow\" \/>\n<meta property=\"og:locale\" content=\"pl_PL\" \/>\n<meta property=\"og:type\" content=\"article\" \/>\n<meta property=\"og:title\" content=\"O Voye - Lot\" \/>\n<meta property=\"og:description\" content=\"Voye to wizjonerska firma technologiczno-przygodowa, kt\u00f3ra tworzy prze\u0142omowe globalne us\u0142ugi roamingowe. Dostosowane specjalnie dla podr\u00f3\u017cnik\u00f3w i odkrywc\u00f3w, zapewniamy Ci spersonalizowane do\u015bwiadczenie podr\u00f3\u017cy dzi\u0119ki p\u0142ynnej \u0142\u0105czno\u015bci. Uczciwy marketing, w po\u0142\u0105czeniu z wieloletnim do\u015bwiadczeniem, sprawia, \u017ce nasz innowacyjny i intuicyjny design pomaga Ci realizowa\u0107 swoje podr\u00f3\u017cnicze marzenia bez zb\u0119dnych komplikacji. Nasza Wizja \u0141\u0105czno\u015b\u0107 jest kluczowa dla do\u015bwiadczenia [&hellip;]\" \/>\n<meta property=\"og:url\" content=\"https:\/\/esim.lot.com\/pl\/about-voye\/\" \/>\n<meta property=\"og:site_name\" content=\"Lot\" \/>\n<meta property=\"article:modified_time\" content=\"2025-04-12T12:39:30+00:00\" \/>\n<meta name=\"twitter:card\" content=\"summary_large_image\" \/>\n<meta name=\"twitter:label1\" content=\"Szacowany czas czytania\" \/>\n\t<meta name=\"twitter:data1\" content=\"1 minuta\" \/>\n<script type=\"application\/ld+json\" class=\"yoast-schema-graph\">{\"@context\":\"https:\/\/schema.org\",\"@graph\":[{\"@type\":\"WebPage\",\"@id\":\"https:\/\/esim.lot.com\/pl\/about-voye\/\",\"url\":\"https:\/\/esim.lot.com\/pl\/about-voye\/\",\"name\":\"O Voye - Lot\",\"isPartOf\":{\"@id\":\"https:\/\/esim.lot.com\/pl\/#website\"},\"datePublished\":\"2024-02-12T07:41:52+00:00\",\"dateModified\":\"2025-04-12T12:39:30+00:00\",\"breadcrumb\":{\"@id\":\"https:\/\/esim.lot.com\/pl\/about-voye\/#breadcrumb\"},\"inLanguage\":\"pl-PL\",\"potentialAction\":[{\"@type\":\"ReadAction\",\"target\":[\"https:\/\/esim.lot.com\/pl\/about-voye\/\"]}]},{\"@type\":\"BreadcrumbList\",\"@id\":\"https:\/\/esim.lot.com\/pl\/about-voye\/#breadcrumb\",\"itemListElement\":[{\"@type\":\"ListItem\",\"position\":1,\"name\":\"Home\",\"item\":\"https:\/\/esim.lot.com\/pl\/\"},{\"@type\":\"ListItem\",\"position\":2,\"name\":\"O Voye\"}]},{\"@type\":\"WebSite\",\"@id\":\"https:\/\/esim.lot.com\/pl\/#website\",\"url\":\"https:\/\/esim.lot.com\/pl\/\",\"name\":\"Lot\",\"description\":\"\",\"potentialAction\":[{\"@type\":\"SearchAction\",\"target\":{\"@type\":\"EntryPoint\",\"urlTemplate\":\"https:\/\/esim.lot.com\/pl\/?s={search_term_string}\"},\"query-input\":{\"@type\":\"PropertyValueSpecification\",\"valueRequired\":true,\"valueName\":\"search_term_string\"}}],\"inLanguage\":\"pl-PL\"}]}<\/script>\n<!-- \/ Yoast SEO plugin. -->","yoast_head_json":{"title":"O Voye - Lot","robots":{"index":"noindex","follow":"nofollow"},"og_locale":"pl_PL","og_type":"article","og_title":"O Voye - Lot","og_description":"Voye to wizjonerska firma technologiczno-przygodowa, kt\u00f3ra tworzy prze\u0142omowe globalne us\u0142ugi roamingowe. Dostosowane specjalnie dla podr\u00f3\u017cnik\u00f3w i odkrywc\u00f3w, zapewniamy Ci spersonalizowane do\u015bwiadczenie podr\u00f3\u017cy dzi\u0119ki p\u0142ynnej \u0142\u0105czno\u015bci. Uczciwy marketing, w po\u0142\u0105czeniu z wieloletnim do\u015bwiadczeniem, sprawia, \u017ce nasz innowacyjny i intuicyjny design pomaga Ci realizowa\u0107 swoje podr\u00f3\u017cnicze marzenia bez zb\u0119dnych komplikacji. Nasza Wizja \u0141\u0105czno\u015b\u0107 jest kluczowa dla do\u015bwiadczenia [&hellip;]","og_url":"https:\/\/esim.lot.com\/pl\/about-voye\/","og_site_name":"Lot","article_modified_time":"2025-04-12T12:39:30+00:00","twitter_card":"summary_large_image","twitter_misc":{"Szacowany czas czytania":"1 minuta"},"schema":{"@context":"https:\/\/schema.org","@graph":[{"@type":"WebPage","@id":"https:\/\/esim.lot.com\/pl\/about-voye\/","url":"https:\/\/esim.lot.com\/pl\/about-voye\/","name":"O Voye - Lot","isPartOf":{"@id":"https:\/\/esim.lot.com\/pl\/#website"},"datePublished":"2024-02-12T07:41:52+00:00","dateModified":"2025-04-12T12:39:30+00:00","breadcrumb":{"@id":"https:\/\/esim.lot.com\/pl\/about-voye\/#breadcrumb"},"inLanguage":"pl-PL","potentialAction":[{"@type":"ReadAction","target":["https:\/\/esim.lot.com\/pl\/about-voye\/"]}]},{"@type":"BreadcrumbList","@id":"https:\/\/esim.lot.com\/pl\/about-voye\/#breadcrumb","itemListElement":[{"@type":"ListItem","position":1,"name":"Home","item":"https:\/\/esim.lot.com\/pl\/"},{"@type":"ListItem","position":2,"name":"O Voye"}]},{"@type":"WebSite","@id":"https:\/\/esim.lot.com\/pl\/#website","url":"https:\/\/esim.lot.com\/pl\/","name":"Lot","description":"","potentialAction":[{"@type":"SearchAction","target":{"@type":"EntryPoint","urlTemplate":"https:\/\/esim.lot.com\/pl\/?s={search_term_string}"},"query-input":{"@type":"PropertyValueSpecification","valueRequired":true,"valueName":"search_term_string"}}],"inLanguage":"pl-PL"}]}},"_links":{"self":[{"href":"https:\/\/esim.lot.com\/pl\/wp-json\/wp\/v2\/pages\/130318","targetHints":{"allow":["GET"]}}],"collection":[{"href":"https:\/\/esim.lot.com\/pl\/wp-json\/wp\/v2\/pages"}],"about":[{"href":"https:\/\/esim.lot.com\/pl\/wp-json\/wp\/v2\/types\/page"}],"author":[{"embeddable":true,"href":"https:\/\/esim.lot.com\/pl\/wp-json\/wp\/v2\/users\/42753"}],"replies":[{"embeddable":true,"href":"https:\/\/esim.lot.com\/pl\/wp-json\/wp\/v2\/comments?post=130318"}],"version-history":[{"count":3,"href":"https:\/\/esim.lot.com\/pl\/wp-json\/wp\/v2\/pages\/130318\/revisions"}],"predecessor-version":[{"id":133600,"href":"https:\/\/esim.lot.com\/pl\/wp-json\/wp\/v2\/pages\/130318\/revisions\/133600"}],"wp:attachment":[{"href":"https:\/\/esim.lot.com\/pl\/wp-json\/wp\/v2\/media?parent=130318"}],"curies":[{"name":"wp","href":"https:\/\/api.w.org\/{rel}","templated":true}]}}