{"id":130345,"date":"2024-05-02T08:19:28","date_gmt":"2024-05-02T08:19:28","guid":{"rendered":"https:\/\/lot.voyeglobal.com\/?page_id=130345"},"modified":"2025-04-05T11:33:35","modified_gmt":"2025-04-05T11:33:35","slug":"supported-devices","status":"publish","type":"page","link":"https:\/\/esim.lot.com\/pl\/supported-devices\/","title":{"rendered":"Obs\u0142ugiwane urz\u0105dzenia"},"content":{"rendered":"","protected":false},"excerpt":{"rendered":"","protected":false},"author":42753,"featured_media":0,"parent":0,"menu_order":0,"comment_status":"closed","ping_status":"closed","template":"views\/tpl-supported.php","meta":{"_acf_changed":false,"footnotes":""},"class_list":["post-130345","page","type-page","status-publish","hentry"],"acf":[],"yoast_head":"<!-- This site is optimized with the Yoast SEO plugin v27.1.1 - https:\/\/yoast.com\/product\/yoast-seo-wordpress\/ -->\n<title>Obs\u0142ugiwane urz\u0105dzenia - Lot<\/title>\n<meta name=\"robots\" content=\"noindex, nofollow\" \/>\n<meta property=\"og:locale\" content=\"pl_PL\" \/>\n<meta property=\"og:type\" content=\"article\" \/>\n<meta property=\"og:title\" content=\"Obs\u0142ugiwane urz\u0105dzenia - Lot\" \/>\n<meta property=\"og:url\" content=\"https:\/\/esim.lot.com\/pl\/supported-devices\/\" \/>\n<meta property=\"og:site_name\" content=\"Lot\" \/>\n<meta property=\"article:modified_time\" content=\"2025-04-05T11:33:35+00:00\" \/>\n<meta name=\"twitter:card\" content=\"summary_large_image\" \/>\n<script type=\"application\/ld+json\" class=\"yoast-schema-graph\">{\"@context\":\"https:\/\/schema.org\",\"@graph\":[{\"@type\":\"WebPage\",\"@id\":\"https:\/\/esim.lot.com\/pl\/supported-devices\/\",\"url\":\"https:\/\/esim.lot.com\/pl\/supported-devices\/\",\"name\":\"Obs\u0142ugiwane urz\u0105dzenia - Lot\",\"isPartOf\":{\"@id\":\"https:\/\/esim.lot.com\/pl\/#website\"},\"datePublished\":\"2024-05-02T08:19:28+00:00\",\"dateModified\":\"2025-04-05T11:33:35+00:00\",\"breadcrumb\":{\"@id\":\"https:\/\/esim.lot.com\/pl\/supported-devices\/#breadcrumb\"},\"inLanguage\":\"pl-PL\",\"potentialAction\":[{\"@type\":\"ReadAction\",\"target\":[\"https:\/\/esim.lot.com\/pl\/supported-devices\/\"]}]},{\"@type\":\"BreadcrumbList\",\"@id\":\"https:\/\/esim.lot.com\/pl\/supported-devices\/#breadcrumb\",\"itemListElement\":[{\"@type\":\"ListItem\",\"position\":1,\"name\":\"Home\",\"item\":\"https:\/\/esim.lot.com\/pl\/\"},{\"@type\":\"ListItem\",\"position\":2,\"name\":\"Obs\u0142ugiwane urz\u0105dzenia\"}]},{\"@type\":\"WebSite\",\"@id\":\"https:\/\/esim.lot.com\/pl\/#website\",\"url\":\"https:\/\/esim.lot.com\/pl\/\",\"name\":\"Lot\",\"description\":\"\",\"potentialAction\":[{\"@type\":\"SearchAction\",\"target\":{\"@type\":\"EntryPoint\",\"urlTemplate\":\"https:\/\/esim.lot.com\/pl\/?s={search_term_string}\"},\"query-input\":{\"@type\":\"PropertyValueSpecification\",\"valueRequired\":true,\"valueName\":\"search_term_string\"}}],\"inLanguage\":\"pl-PL\"}]}<\/script>\n<!-- \/ Yoast SEO plugin. -->","yoast_head_json":{"title":"Obs\u0142ugiwane urz\u0105dzenia - Lot","robots":{"index":"noindex","follow":"nofollow"},"og_locale":"pl_PL","og_type":"article","og_title":"Obs\u0142ugiwane urz\u0105dzenia - Lot","og_url":"https:\/\/esim.lot.com\/pl\/supported-devices\/","og_site_name":"Lot","article_modified_time":"2025-04-05T11:33:35+00:00","twitter_card":"summary_large_image","schema":{"@context":"https:\/\/schema.org","@graph":[{"@type":"WebPage","@id":"https:\/\/esim.lot.com\/pl\/supported-devices\/","url":"https:\/\/esim.lot.com\/pl\/supported-devices\/","name":"Obs\u0142ugiwane urz\u0105dzenia - Lot","isPartOf":{"@id":"https:\/\/esim.lot.com\/pl\/#website"},"datePublished":"2024-05-02T08:19:28+00:00","dateModified":"2025-04-05T11:33:35+00:00","breadcrumb":{"@id":"https:\/\/esim.lot.com\/pl\/supported-devices\/#breadcrumb"},"inLanguage":"pl-PL","potentialAction":[{"@type":"ReadAction","target":["https:\/\/esim.lot.com\/pl\/supported-devices\/"]}]},{"@type":"BreadcrumbList","@id":"https:\/\/esim.lot.com\/pl\/supported-devices\/#breadcrumb","itemListElement":[{"@type":"ListItem","position":1,"name":"Home","item":"https:\/\/esim.lot.com\/pl\/"},{"@type":"ListItem","position":2,"name":"Obs\u0142ugiwane urz\u0105dzenia"}]},{"@type":"WebSite","@id":"https:\/\/esim.lot.com\/pl\/#website","url":"https:\/\/esim.lot.com\/pl\/","name":"Lot","description":"","potentialAction":[{"@type":"SearchAction","target":{"@type":"EntryPoint","urlTemplate":"https:\/\/esim.lot.com\/pl\/?s={search_term_string}"},"query-input":{"@type":"PropertyValueSpecification","valueRequired":true,"valueName":"search_term_string"}}],"inLanguage":"pl-PL"}]}},"_links":{"self":[{"href":"https:\/\/esim.lot.com\/pl\/wp-json\/wp\/v2\/pages\/130345","targetHints":{"allow":["GET"]}}],"collection":[{"href":"https:\/\/esim.lot.com\/pl\/wp-json\/wp\/v2\/pages"}],"about":[{"href":"https:\/\/esim.lot.com\/pl\/wp-json\/wp\/v2\/types\/page"}],"author":[{"embeddable":true,"href":"https:\/\/esim.lot.com\/pl\/wp-json\/wp\/v2\/users\/42753"}],"replies":[{"embeddable":true,"href":"https:\/\/esim.lot.com\/pl\/wp-json\/wp\/v2\/comments?post=130345"}],"version-history":[{"count":2,"href":"https:\/\/esim.lot.com\/pl\/wp-json\/wp\/v2\/pages\/130345\/revisions"}],"predecessor-version":[{"id":131723,"href":"https:\/\/esim.lot.com\/pl\/wp-json\/wp\/v2\/pages\/130345\/revisions\/131723"}],"wp:attachment":[{"href":"https:\/\/esim.lot.com\/pl\/wp-json\/wp\/v2\/media?parent=130345"}],"curies":[{"name":"wp","href":"https:\/\/api.w.org\/{rel}","templated":true}]}}