{"id":133550,"date":"2025-04-12T10:14:37","date_gmt":"2025-04-12T10:14:37","guid":{"rendered":"https:\/\/lot.voyeglobal.com\/133550-2\/"},"modified":"2025-04-12T11:11:32","modified_gmt":"2025-04-12T11:11:32","slug":"refund_returns","status":"publish","type":"page","link":"https:\/\/esim.lot.com\/pl\/refund_returns\/","title":{"rendered":"Polityka zwrot\u00f3w"},"content":{"rendered":"\n<p>Niniejsza Polityka Zwrot\u00f3w jest cz\u0119\u015bci\u0105 Warunk\u00f3w U\u017cytkowania firmy Voye.<\/p>\n\n\n\n<ol start=\"1\" class=\"wp-block-list\">\n<li><strong>Wniosek o zwrot.<\/strong> Mo\u017cesz poprosi\u0107 o zwrot w ci\u0105gu trzydziestu (30) dni od daty zakupu, je\u015bli eSIM nie mo\u017ce zosta\u0107 zainstalowany i\/lub u\u017cywany z powodu problemu technicznego pochodz\u0105cego od Voye, kt\u00f3ry nie mo\u017ce zosta\u0107 rozwi\u0105zany w odpowiednim czasie.<\/li>\n\n\n\n<li><strong>Wsp\u00f3\u0142praca.<\/strong> Twoja wsp\u00f3\u0142praca w pr\u00f3bie szybkiego rozwi\u0105zania problemu technicznego jest kluczowa, poniewa\u017c brak wsp\u00f3\u0142pracy mo\u017ce skutkowa\u0107 odmow\u0105 zwrotu.<\/li>\n\n\n\n<li><strong>Okres wa\u017cno\u015bci.<\/strong> Ka\u017cdy plan ma sw\u00f3j w\u0142asny okres wa\u017cno\u015bci. Zwroty nie b\u0119d\u0105 udzielane za pozosta\u0142y kredyt po up\u0142ywie okresu wa\u017cno\u015bci.<\/li>\n\n\n\n<li><strong>Spos\u00f3b zwrotu.<\/strong> Zwroty s\u0105 realizowane za po\u015brednictwem tego samego instrumentu p\u0142atniczego (np. karty kredytowej), kt\u00f3rym dokonano zakupu. Po przetworzeniu zwrotu mo\u017ce zaj\u0105\u0107 troch\u0119 czasu, zanim pojawi si\u0119 on na odpowiedniej karcie kredytowej lub innym odpowiednim wyci\u0105gu.<\/li>\n\n\n\n<li><strong>Proces zwrotu.<\/strong> Ka\u017cdy wniosek o zwrot b\u0119dzie podlega\u0142 dochodzeniu i zatwierdzeniu przed realizacj\u0105. Je\u015bli zwrot zostanie zatwierdzony, mo\u017ce zosta\u0107 naliczona op\u0142ata za przetwarzanie. Maksymalny zwrot nie mo\u017ce przekroczy\u0107 ca\u0142kowitej kwoty zap\u0142aconej za us\u0142ugi, w zwi\u0105zku z kt\u00f3rymi wyst\u0105pi\u0142 problem techniczny.<\/li>\n\n\n\n<li><strong>Odrzucenie zwrotu.<\/strong> Voye zastrzega sobie prawo do odmowy jakiejkolwiek formy zwrotu, je\u015bli istniej\u0105 dowody na nadu\u017cycia, naruszenie naszych warunk\u00f3w korzystania lub jakiekolwiek oszuka\u0144cze dzia\u0142ania zwi\u0105zane z korzystaniem z us\u0142ug Voye.<\/li>\n<\/ol>\n","protected":false},"excerpt":{"rendered":"<p>Niniejsza Polityka Zwrot\u00f3w jest cz\u0119\u015bci\u0105 Warunk\u00f3w U\u017cytkowania firmy Voye.<\/p>\n","protected":false},"author":11686,"featured_media":0,"parent":0,"menu_order":0,"comment_status":"closed","ping_status":"closed","template":"views\/tpl-content.php","meta":{"_acf_changed":false,"footnotes":""},"class_list":["post-133550","page","type-page","status-publish","hentry"],"acf":[],"yoast_head":"<!-- This site is optimized with the Yoast SEO plugin v27.1.1 - https:\/\/yoast.com\/product\/yoast-seo-wordpress\/ -->\n<title>Polityka zwrot\u00f3w - LOT<\/title>\n<meta name=\"robots\" content=\"noindex, nofollow\" \/>\n<meta property=\"og:locale\" content=\"pl_PL\" \/>\n<meta property=\"og:type\" content=\"article\" \/>\n<meta property=\"og:title\" content=\"Polityka zwrot\u00f3w - LOT\" \/>\n<meta property=\"og:description\" content=\"Niniejsza Polityka Zwrot\u00f3w jest cz\u0119\u015bci\u0105 Warunk\u00f3w U\u017cytkowania firmy Voye.\" \/>\n<meta property=\"og:url\" content=\"https:\/\/esim.lot.com\/pl\/refund_returns\/\" \/>\n<meta property=\"og:site_name\" content=\"Lot\" \/>\n<meta property=\"article:modified_time\" content=\"2025-04-12T11:11:32+00:00\" \/>\n<meta name=\"twitter:card\" content=\"summary_large_image\" \/>\n<meta name=\"twitter:label1\" content=\"Szacowany czas czytania\" \/>\n\t<meta name=\"twitter:data1\" content=\"1 minuta\" \/>\n<script type=\"application\/ld+json\" class=\"yoast-schema-graph\">{\"@context\":\"https:\/\/schema.org\",\"@graph\":[{\"@type\":\"WebPage\",\"@id\":\"https:\/\/esim.lot.com\/pl\/refund_returns\/\",\"url\":\"https:\/\/esim.lot.com\/pl\/refund_returns\/\",\"name\":\"Polityka zwrot\u00f3w - LOT\",\"isPartOf\":{\"@id\":\"https:\/\/esim.lot.com\/pl\/#website\"},\"datePublished\":\"2025-04-12T10:14:37+00:00\",\"dateModified\":\"2025-04-12T11:11:32+00:00\",\"breadcrumb\":{\"@id\":\"https:\/\/esim.lot.com\/pl\/refund_returns\/#breadcrumb\"},\"inLanguage\":\"pl-PL\",\"potentialAction\":[{\"@type\":\"ReadAction\",\"target\":[\"https:\/\/esim.lot.com\/pl\/refund_returns\/\"]}]},{\"@type\":\"BreadcrumbList\",\"@id\":\"https:\/\/esim.lot.com\/pl\/refund_returns\/#breadcrumb\",\"itemListElement\":[{\"@type\":\"ListItem\",\"position\":1,\"name\":\"Home\",\"item\":\"https:\/\/esim.lot.com\/pl\/\"},{\"@type\":\"ListItem\",\"position\":2,\"name\":\"Polityka zwrot\u00f3w\"}]},{\"@type\":\"WebSite\",\"@id\":\"https:\/\/esim.lot.com\/pl\/#website\",\"url\":\"https:\/\/esim.lot.com\/pl\/\",\"name\":\"Lot\",\"description\":\"\",\"potentialAction\":[{\"@type\":\"SearchAction\",\"target\":{\"@type\":\"EntryPoint\",\"urlTemplate\":\"https:\/\/esim.lot.com\/pl\/?s={search_term_string}\"},\"query-input\":{\"@type\":\"PropertyValueSpecification\",\"valueRequired\":true,\"valueName\":\"search_term_string\"}}],\"inLanguage\":\"pl-PL\"}]}<\/script>\n<!-- \/ Yoast SEO plugin. -->","yoast_head_json":{"title":"Polityka zwrot\u00f3w - LOT","robots":{"index":"noindex","follow":"nofollow"},"og_locale":"pl_PL","og_type":"article","og_title":"Polityka zwrot\u00f3w - LOT","og_description":"Niniejsza Polityka Zwrot\u00f3w jest cz\u0119\u015bci\u0105 Warunk\u00f3w U\u017cytkowania firmy Voye.","og_url":"https:\/\/esim.lot.com\/pl\/refund_returns\/","og_site_name":"Lot","article_modified_time":"2025-04-12T11:11:32+00:00","twitter_card":"summary_large_image","twitter_misc":{"Szacowany czas czytania":"1 minuta"},"schema":{"@context":"https:\/\/schema.org","@graph":[{"@type":"WebPage","@id":"https:\/\/esim.lot.com\/pl\/refund_returns\/","url":"https:\/\/esim.lot.com\/pl\/refund_returns\/","name":"Polityka zwrot\u00f3w - LOT","isPartOf":{"@id":"https:\/\/esim.lot.com\/pl\/#website"},"datePublished":"2025-04-12T10:14:37+00:00","dateModified":"2025-04-12T11:11:32+00:00","breadcrumb":{"@id":"https:\/\/esim.lot.com\/pl\/refund_returns\/#breadcrumb"},"inLanguage":"pl-PL","potentialAction":[{"@type":"ReadAction","target":["https:\/\/esim.lot.com\/pl\/refund_returns\/"]}]},{"@type":"BreadcrumbList","@id":"https:\/\/esim.lot.com\/pl\/refund_returns\/#breadcrumb","itemListElement":[{"@type":"ListItem","position":1,"name":"Home","item":"https:\/\/esim.lot.com\/pl\/"},{"@type":"ListItem","position":2,"name":"Polityka zwrot\u00f3w"}]},{"@type":"WebSite","@id":"https:\/\/esim.lot.com\/pl\/#website","url":"https:\/\/esim.lot.com\/pl\/","name":"Lot","description":"","potentialAction":[{"@type":"SearchAction","target":{"@type":"EntryPoint","urlTemplate":"https:\/\/esim.lot.com\/pl\/?s={search_term_string}"},"query-input":{"@type":"PropertyValueSpecification","valueRequired":true,"valueName":"search_term_string"}}],"inLanguage":"pl-PL"}]}},"_links":{"self":[{"href":"https:\/\/esim.lot.com\/pl\/wp-json\/wp\/v2\/pages\/133550","targetHints":{"allow":["GET"]}}],"collection":[{"href":"https:\/\/esim.lot.com\/pl\/wp-json\/wp\/v2\/pages"}],"about":[{"href":"https:\/\/esim.lot.com\/pl\/wp-json\/wp\/v2\/types\/page"}],"author":[{"embeddable":true,"href":"https:\/\/esim.lot.com\/pl\/wp-json\/wp\/v2\/users\/11686"}],"replies":[{"embeddable":true,"href":"https:\/\/esim.lot.com\/pl\/wp-json\/wp\/v2\/comments?post=133550"}],"version-history":[{"count":3,"href":"https:\/\/esim.lot.com\/pl\/wp-json\/wp\/v2\/pages\/133550\/revisions"}],"predecessor-version":[{"id":133579,"href":"https:\/\/esim.lot.com\/pl\/wp-json\/wp\/v2\/pages\/133550\/revisions\/133579"}],"wp:attachment":[{"href":"https:\/\/esim.lot.com\/pl\/wp-json\/wp\/v2\/media?parent=133550"}],"curies":[{"name":"wp","href":"https:\/\/api.w.org\/{rel}","templated":true}]}}