{"id":57311,"date":"2024-02-12T07:41:52","date_gmt":"2024-02-12T07:41:52","guid":{"rendered":"https:\/\/voyeglobal.com\/about-voye\/"},"modified":"2024-12-06T15:06:44","modified_gmt":"2024-12-06T15:06:44","slug":"about-voye","status":"publish","type":"page","link":"https:\/\/esim.lot.com\/pt-br\/about-voye\/","title":{"rendered":"Sobre a Voye"},"content":{"rendered":"\n<p>A Voye \u00e9 uma empresa inovadora no setor de tecnologia, criando servi\u00e7os revolucion\u00e1rios de roaming global. Feitos sob medida para viajantes e aventureiros, garantimos que voc\u00ea tenha sempre uma experi\u00eancia de viagem personalizada com conectividade cont\u00ednua. Com marketing honesto e anos de expertise, nosso design inovador e intuitivo ajuda voc\u00ea a realizar seus sonhos de viagem sem complica\u00e7\u00f5es.<\/p>\n\n\n\n<h3 class=\"wp-block-heading\">Nossa Vis\u00e3o<\/h3>\n\n\n\n<p>A conectividade \u00e9 essencial para a experi\u00eancia de qualquer viajante, permitindo navegar pelo mundo sem esfor\u00e7o, descobrindo destinos \u00fanicos e surpresas escondidas. Viajar significa poder compartilhar aventuras em tempo real com amigos e familiares. Por isso, estamos deixando para tr\u00e1s os problemas e os altos custos de conectividade. Agora, com apenas um clique, voc\u00ea se conecta, relaxa e foca no mais importante: sua pr\u00f3xima aventura! Trabalhamos duro para tornar o roaming de dados simples e acess\u00edvel para viajantes. Adeus, letras mi\u00fadas e intermedi\u00e1rios caros. Quando se trata de cobertura, sua casa se tornou global!<\/p>\n","protected":false},"excerpt":{"rendered":"<p>A Voye \u00e9 uma empresa inovadora no setor de tecnologia, criando servi\u00e7os revolucion\u00e1rios de roaming global. Feitos sob medida para viajantes e aventureiros, garantimos que voc\u00ea tenha sempre uma experi\u00eancia de viagem personalizada com conectividade cont\u00ednua. Com marketing honesto e anos de expertise, nosso design inovador e intuitivo ajuda voc\u00ea a realizar seus sonhos de [&hellip;]<\/p>\n","protected":false},"author":44,"featured_media":0,"parent":0,"menu_order":0,"comment_status":"closed","ping_status":"closed","template":"views\/tpl-about.php","meta":{"_acf_changed":true,"footnotes":""},"class_list":["post-57311","page","type-page","status-publish","hentry"],"acf":[],"yoast_head":"<!-- This site is optimized with the Yoast SEO plugin v27.1.1 - https:\/\/yoast.com\/product\/yoast-seo-wordpress\/ -->\n<title>About Voye Global - Seamless Global Connectivity Solutions<\/title>\n<meta name=\"description\" content=\"Experience the freedom of global connectivity with VOYE, the all-in-one eSim solution designed for travelers and businesses alike. Learn more about our mission.\" \/>\n<meta name=\"robots\" content=\"noindex, nofollow\" \/>\n<meta property=\"og:locale\" content=\"pt_BR\" \/>\n<meta property=\"og:type\" content=\"article\" \/>\n<meta property=\"og:title\" content=\"About Voye Global - Seamless Global Connectivity Solutions\" \/>\n<meta property=\"og:description\" content=\"Experience the freedom of global connectivity with VOYE, the all-in-one eSim solution designed for travelers and businesses alike. Learn more about our mission.\" \/>\n<meta property=\"og:url\" content=\"https:\/\/esim.lot.com\/pt-br\/about-voye\/\" \/>\n<meta property=\"og:site_name\" content=\"Lot\" \/>\n<meta property=\"article:modified_time\" content=\"2024-12-06T15:06:44+00:00\" \/>\n<meta name=\"twitter:card\" content=\"summary_large_image\" \/>\n<meta name=\"twitter:label1\" content=\"Est. tempo de leitura\" \/>\n\t<meta name=\"twitter:data1\" content=\"1 minuto\" \/>\n<script type=\"application\/ld+json\" class=\"yoast-schema-graph\">{\"@context\":\"https:\/\/schema.org\",\"@graph\":[{\"@type\":\"WebPage\",\"@id\":\"https:\/\/esim.lot.com\/pt-br\/about-voye\/\",\"url\":\"https:\/\/esim.lot.com\/pt-br\/about-voye\/\",\"name\":\"About Voye Global - Seamless Global Connectivity Solutions\",\"isPartOf\":{\"@id\":\"https:\/\/esim.lot.com\/pt-br\/#website\"},\"datePublished\":\"2024-02-12T07:41:52+00:00\",\"dateModified\":\"2024-12-06T15:06:44+00:00\",\"description\":\"Experience the freedom of global connectivity with VOYE, the all-in-one eSim solution designed for travelers and businesses alike. Learn more about our mission.\",\"breadcrumb\":{\"@id\":\"https:\/\/esim.lot.com\/pt-br\/about-voye\/#breadcrumb\"},\"inLanguage\":\"pt-BR\",\"potentialAction\":[{\"@type\":\"ReadAction\",\"target\":[\"https:\/\/esim.lot.com\/pt-br\/about-voye\/\"]}]},{\"@type\":\"BreadcrumbList\",\"@id\":\"https:\/\/esim.lot.com\/pt-br\/about-voye\/#breadcrumb\",\"itemListElement\":[{\"@type\":\"ListItem\",\"position\":1,\"name\":\"Home\",\"item\":\"https:\/\/esim.lot.com\/pt-br\/\"},{\"@type\":\"ListItem\",\"position\":2,\"name\":\"Sobre a Voye\"}]},{\"@type\":\"WebSite\",\"@id\":\"https:\/\/esim.lot.com\/pt-br\/#website\",\"url\":\"https:\/\/esim.lot.com\/pt-br\/\",\"name\":\"Lot\",\"description\":\"\",\"potentialAction\":[{\"@type\":\"SearchAction\",\"target\":{\"@type\":\"EntryPoint\",\"urlTemplate\":\"https:\/\/esim.lot.com\/pt-br\/?s={search_term_string}\"},\"query-input\":{\"@type\":\"PropertyValueSpecification\",\"valueRequired\":true,\"valueName\":\"search_term_string\"}}],\"inLanguage\":\"pt-BR\"}]}<\/script>\n<!-- \/ Yoast SEO plugin. -->","yoast_head_json":{"title":"About Voye Global - Seamless Global Connectivity Solutions","description":"Experience the freedom of global connectivity with VOYE, the all-in-one eSim solution designed for travelers and businesses alike. Learn more about our mission.","robots":{"index":"noindex","follow":"nofollow"},"og_locale":"pt_BR","og_type":"article","og_title":"About Voye Global - Seamless Global Connectivity Solutions","og_description":"Experience the freedom of global connectivity with VOYE, the all-in-one eSim solution designed for travelers and businesses alike. Learn more about our mission.","og_url":"https:\/\/esim.lot.com\/pt-br\/about-voye\/","og_site_name":"Lot","article_modified_time":"2024-12-06T15:06:44+00:00","twitter_card":"summary_large_image","twitter_misc":{"Est. tempo de leitura":"1 minuto"},"schema":{"@context":"https:\/\/schema.org","@graph":[{"@type":"WebPage","@id":"https:\/\/esim.lot.com\/pt-br\/about-voye\/","url":"https:\/\/esim.lot.com\/pt-br\/about-voye\/","name":"About Voye Global - Seamless Global Connectivity Solutions","isPartOf":{"@id":"https:\/\/esim.lot.com\/pt-br\/#website"},"datePublished":"2024-02-12T07:41:52+00:00","dateModified":"2024-12-06T15:06:44+00:00","description":"Experience the freedom of global connectivity with VOYE, the all-in-one eSim solution designed for travelers and businesses alike. Learn more about our mission.","breadcrumb":{"@id":"https:\/\/esim.lot.com\/pt-br\/about-voye\/#breadcrumb"},"inLanguage":"pt-BR","potentialAction":[{"@type":"ReadAction","target":["https:\/\/esim.lot.com\/pt-br\/about-voye\/"]}]},{"@type":"BreadcrumbList","@id":"https:\/\/esim.lot.com\/pt-br\/about-voye\/#breadcrumb","itemListElement":[{"@type":"ListItem","position":1,"name":"Home","item":"https:\/\/esim.lot.com\/pt-br\/"},{"@type":"ListItem","position":2,"name":"Sobre a Voye"}]},{"@type":"WebSite","@id":"https:\/\/esim.lot.com\/pt-br\/#website","url":"https:\/\/esim.lot.com\/pt-br\/","name":"Lot","description":"","potentialAction":[{"@type":"SearchAction","target":{"@type":"EntryPoint","urlTemplate":"https:\/\/esim.lot.com\/pt-br\/?s={search_term_string}"},"query-input":{"@type":"PropertyValueSpecification","valueRequired":true,"valueName":"search_term_string"}}],"inLanguage":"pt-BR"}]}},"_links":{"self":[{"href":"https:\/\/esim.lot.com\/pt-br\/wp-json\/wp\/v2\/pages\/57311","targetHints":{"allow":["GET"]}}],"collection":[{"href":"https:\/\/esim.lot.com\/pt-br\/wp-json\/wp\/v2\/pages"}],"about":[{"href":"https:\/\/esim.lot.com\/pt-br\/wp-json\/wp\/v2\/types\/page"}],"author":[{"embeddable":true,"href":"https:\/\/esim.lot.com\/pt-br\/wp-json\/wp\/v2\/users\/44"}],"replies":[{"embeddable":true,"href":"https:\/\/esim.lot.com\/pt-br\/wp-json\/wp\/v2\/comments?post=57311"}],"version-history":[{"count":0,"href":"https:\/\/esim.lot.com\/pt-br\/wp-json\/wp\/v2\/pages\/57311\/revisions"}],"wp:attachment":[{"href":"https:\/\/esim.lot.com\/pt-br\/wp-json\/wp\/v2\/media?parent=57311"}],"curies":[{"name":"wp","href":"https:\/\/api.w.org\/{rel}","templated":true}]}}